{"id":933,"date":"2025-02-27T12:26:03","date_gmt":"2025-02-27T12:26:03","guid":{"rendered":"https:\/\/cafechocolate.de\/?page_id=933"},"modified":"2025-04-15T12:40:40","modified_gmt":"2025-04-15T12:40:40","slug":"tisch-10","status":"publish","type":"page","link":"https:\/\/cafechocolate.de\/en\/tisch-10\/","title":{"rendered":"Tisch 10"},"content":{"rendered":"<div data-elementor-type=\"wp-page\" data-elementor-id=\"933\" class=\"elementor elementor-933\" data-elementor-post-type=\"page\">\n\t\t\t\t<div class=\"elementor-element elementor-element-200cae6 e-flex e-con-boxed e-con e-parent\" data-id=\"200cae6\" data-element_type=\"container\" data-settings=\"{&quot;background_background&quot;:&quot;classic&quot;}\">\n\t\t\t\t\t<div class=\"e-con-inner\">\n\t\t\t\t<div class=\"elementor-element elementor-element-73c04c8 elementor-widget-mobile__width-initial elementor-widget elementor-widget-image\" data-id=\"73c04c8\" data-element_type=\"widget\" data-widget_type=\"image.default\">\n\t\t\t\t<div class=\"elementor-widget-container\">\n\t\t\t\t\t\t\t\t\t\t\t\t\t\t\t<img decoding=\"async\" width=\"150\" height=\"150\" src=\"https:\/\/cafechocolate.de\/wp-content\/uploads\/2025\/01\/cropped-Cafe-Chocolate-150x150.png\" class=\"attachment-thumbnail size-thumbnail wp-image-96\" alt=\"\" srcset=\"https:\/\/cafechocolate.de\/wp-content\/uploads\/2025\/01\/cropped-Cafe-Chocolate-150x150.png 150w, https:\/\/cafechocolate.de\/wp-content\/uploads\/2025\/01\/cropped-Cafe-Chocolate-300x300.png 300w, https:\/\/cafechocolate.de\/wp-content\/uploads\/2025\/01\/cropped-Cafe-Chocolate-100x100.png 100w, https:\/\/cafechocolate.de\/wp-content\/uploads\/2025\/01\/cropped-Cafe-Chocolate-270x270.png 270w, https:\/\/cafechocolate.de\/wp-content\/uploads\/2025\/01\/cropped-Cafe-Chocolate-192x192.png 192w, https:\/\/cafechocolate.de\/wp-content\/uploads\/2025\/01\/cropped-Cafe-Chocolate-180x180.png 180w, https:\/\/cafechocolate.de\/wp-content\/uploads\/2025\/01\/cropped-Cafe-Chocolate-32x32.png 32w, https:\/\/cafechocolate.de\/wp-content\/uploads\/2025\/01\/cropped-Cafe-Chocolate.png 512w\" sizes=\"(max-width: 150px) 100vw, 150px\" \/>\t\t\t\t\t\t\t\t\t\t\t\t\t\t\t<\/div>\n\t\t\t\t<\/div>\n\t\t\t\t<div class=\"elementor-element elementor-element-c990b73 elementor-widget elementor-widget-heading\" data-id=\"c990b73\" data-element_type=\"widget\" data-widget_type=\"heading.default\">\n\t\t\t\t<div class=\"elementor-widget-container\">\n\t\t\t\t\t<h2 class=\"elementor-heading-title elementor-size-default\">Cafe Chocolate<\/h2>\t\t\t\t<\/div>\n\t\t\t\t<\/div>\n\t\t\t\t\t<\/div>\n\t\t\t\t<\/div>\n\t\t<div class=\"elementor-element elementor-element-74bcd5b e-flex e-con-boxed e-con e-parent\" data-id=\"74bcd5b\" data-element_type=\"container\">\n\t\t\t\t\t<div class=\"e-con-inner\">\n\t\t\t\t<div class=\"elementor-element elementor-element-204ebd7 elementor-widget elementor-widget-shortcode\" data-id=\"204ebd7\" data-element_type=\"widget\" data-widget_type=\"shortcode.default\">\n\t\t\t\t<div class=\"elementor-widget-container\">\n\t\t\t\t\t\t\t<div class=\"elementor-shortcode\">[foodmenu id=\"1169\" title=\"Tischbestellung Deutsch\"]<\/div>\n\t\t\t\t\t\t<\/div>\n\t\t\t\t<\/div>\n\t\t\t\t\t<\/div>\n\t\t\t\t<\/div>\n\t\t\t\t<\/div>","protected":false},"excerpt":{"rendered":"<p>Cafe Chocolate [foodmenu id=&#8220;1169&#8243; title=&#8220;Tischbestellung Deutsch&#8220;]<\/p>","protected":false},"author":1,"featured_media":0,"parent":0,"menu_order":0,"comment_status":"closed","ping_status":"closed","template":"elementor_canvas","meta":{"footnotes":""},"class_list":["post-933","page","type-page","status-publish","hentry"],"yoast_head":"<!-- This site is optimized with the Yoast SEO plugin v26.8 - https:\/\/yoast.com\/product\/yoast-seo-wordpress\/ -->\n<title>Tisch 10 - Cafe Chocolate<\/title>\n<meta name=\"robots\" content=\"index, follow, max-snippet:-1, max-image-preview:large, max-video-preview:-1\" \/>\n<link rel=\"canonical\" href=\"https:\/\/cafechocolate.de\/en\/tisch-10\/\" \/>\n<meta property=\"og:locale\" content=\"en_GB\" \/>\n<meta property=\"og:type\" content=\"article\" \/>\n<meta property=\"og:title\" content=\"Tisch 10 - Cafe Chocolate\" \/>\n<meta property=\"og:description\" content=\"Cafe Chocolate [foodmenu id=&#8220;1169&#8243; title=&#8220;Tischbestellung Deutsch&#8220;]\" \/>\n<meta property=\"og:url\" content=\"https:\/\/cafechocolate.de\/en\/tisch-10\/\" \/>\n<meta property=\"og:site_name\" content=\"Cafe Chocolate\" \/>\n<meta property=\"article:modified_time\" content=\"2025-04-15T12:40:40+00:00\" \/>\n<meta property=\"og:image\" content=\"https:\/\/cafechocolate.de\/wp-content\/uploads\/2025\/01\/cropped-Cafe-Chocolate.png\" \/>\n\t<meta property=\"og:image:width\" content=\"512\" \/>\n\t<meta property=\"og:image:height\" content=\"512\" \/>\n\t<meta property=\"og:image:type\" content=\"image\/png\" \/>\n<meta name=\"twitter:card\" content=\"summary_large_image\" \/>\n<script type=\"application\/ld+json\" class=\"yoast-schema-graph\">{\"@context\":\"https:\/\/schema.org\",\"@graph\":[{\"@type\":\"WebPage\",\"@id\":\"https:\/\/cafechocolate.de\/tisch-10\/\",\"url\":\"https:\/\/cafechocolate.de\/tisch-10\/\",\"name\":\"Tisch 10 - Cafe Chocolate\",\"isPartOf\":{\"@id\":\"https:\/\/cafechocolate.de\/#website\"},\"primaryImageOfPage\":{\"@id\":\"https:\/\/cafechocolate.de\/tisch-10\/#primaryimage\"},\"image\":{\"@id\":\"https:\/\/cafechocolate.de\/tisch-10\/#primaryimage\"},\"thumbnailUrl\":\"https:\/\/cafechocolate.de\/wp-content\/uploads\/2025\/01\/cropped-Cafe-Chocolate-150x150.png\",\"datePublished\":\"2025-02-27T12:26:03+00:00\",\"dateModified\":\"2025-04-15T12:40:40+00:00\",\"breadcrumb\":{\"@id\":\"https:\/\/cafechocolate.de\/tisch-10\/#breadcrumb\"},\"inLanguage\":\"en-GB\",\"potentialAction\":[{\"@type\":\"ReadAction\",\"target\":[\"https:\/\/cafechocolate.de\/tisch-10\/\"]}]},{\"@type\":\"ImageObject\",\"inLanguage\":\"en-GB\",\"@id\":\"https:\/\/cafechocolate.de\/tisch-10\/#primaryimage\",\"url\":\"https:\/\/cafechocolate.de\/wp-content\/uploads\/2025\/01\/cropped-Cafe-Chocolate-150x150.png\",\"contentUrl\":\"https:\/\/cafechocolate.de\/wp-content\/uploads\/2025\/01\/cropped-Cafe-Chocolate-150x150.png\"},{\"@type\":\"BreadcrumbList\",\"@id\":\"https:\/\/cafechocolate.de\/tisch-10\/#breadcrumb\",\"itemListElement\":[{\"@type\":\"ListItem\",\"position\":1,\"name\":\"Startseite\",\"item\":\"https:\/\/cafechocolate.de\/\"},{\"@type\":\"ListItem\",\"position\":2,\"name\":\"Tisch 10\"}]},{\"@type\":\"WebSite\",\"@id\":\"https:\/\/cafechocolate.de\/#website\",\"url\":\"https:\/\/cafechocolate.de\/\",\"name\":\"Caf\u00e9 Chocolate - Brunch-Hotspot in der K\u00f6lner Innenstadt\",\"description\":\"Das Cafe in der K\u00f6lner Innenstadt\",\"publisher\":{\"@id\":\"https:\/\/cafechocolate.de\/#organization\"},\"potentialAction\":[{\"@type\":\"SearchAction\",\"target\":{\"@type\":\"EntryPoint\",\"urlTemplate\":\"https:\/\/cafechocolate.de\/?s={search_term_string}\"},\"query-input\":{\"@type\":\"PropertyValueSpecification\",\"valueRequired\":true,\"valueName\":\"search_term_string\"}}],\"inLanguage\":\"en-GB\"},{\"@type\":\"Organization\",\"@id\":\"https:\/\/cafechocolate.de\/#organization\",\"name\":\"Caf\u00e9 Chocolate\",\"url\":\"https:\/\/cafechocolate.de\/\",\"logo\":{\"@type\":\"ImageObject\",\"inLanguage\":\"en-GB\",\"@id\":\"https:\/\/cafechocolate.de\/#\/schema\/logo\/image\/\",\"url\":\"https:\/\/cafechocolate.de\/wp-content\/uploads\/2025\/01\/Cafe-Chocolate.png\",\"contentUrl\":\"https:\/\/cafechocolate.de\/wp-content\/uploads\/2025\/01\/Cafe-Chocolate.png\",\"width\":945,\"height\":945,\"caption\":\"Caf\u00e9 Chocolate\"},\"image\":{\"@id\":\"https:\/\/cafechocolate.de\/#\/schema\/logo\/image\/\"},\"sameAs\":[\"https:\/\/instagram.com\/cafechocolatede\"]}]}<\/script>\n<!-- \/ Yoast SEO plugin. -->","yoast_head_json":{"title":"Tisch 10 - Cafe Chocolate","robots":{"index":"index","follow":"follow","max-snippet":"max-snippet:-1","max-image-preview":"max-image-preview:large","max-video-preview":"max-video-preview:-1"},"canonical":"https:\/\/cafechocolate.de\/en\/tisch-10\/","og_locale":"en_GB","og_type":"article","og_title":"Tisch 10 - Cafe Chocolate","og_description":"Cafe Chocolate [foodmenu id=&#8220;1169&#8243; title=&#8220;Tischbestellung Deutsch&#8220;]","og_url":"https:\/\/cafechocolate.de\/en\/tisch-10\/","og_site_name":"Cafe Chocolate","article_modified_time":"2025-04-15T12:40:40+00:00","og_image":[{"width":512,"height":512,"url":"https:\/\/cafechocolate.de\/wp-content\/uploads\/2025\/01\/cropped-Cafe-Chocolate.png","type":"image\/png"}],"twitter_card":"summary_large_image","schema":{"@context":"https:\/\/schema.org","@graph":[{"@type":"WebPage","@id":"https:\/\/cafechocolate.de\/tisch-10\/","url":"https:\/\/cafechocolate.de\/tisch-10\/","name":"Tisch 10 - Cafe Chocolate","isPartOf":{"@id":"https:\/\/cafechocolate.de\/#website"},"primaryImageOfPage":{"@id":"https:\/\/cafechocolate.de\/tisch-10\/#primaryimage"},"image":{"@id":"https:\/\/cafechocolate.de\/tisch-10\/#primaryimage"},"thumbnailUrl":"https:\/\/cafechocolate.de\/wp-content\/uploads\/2025\/01\/cropped-Cafe-Chocolate-150x150.png","datePublished":"2025-02-27T12:26:03+00:00","dateModified":"2025-04-15T12:40:40+00:00","breadcrumb":{"@id":"https:\/\/cafechocolate.de\/tisch-10\/#breadcrumb"},"inLanguage":"en-GB","potentialAction":[{"@type":"ReadAction","target":["https:\/\/cafechocolate.de\/tisch-10\/"]}]},{"@type":"ImageObject","inLanguage":"en-GB","@id":"https:\/\/cafechocolate.de\/tisch-10\/#primaryimage","url":"https:\/\/cafechocolate.de\/wp-content\/uploads\/2025\/01\/cropped-Cafe-Chocolate-150x150.png","contentUrl":"https:\/\/cafechocolate.de\/wp-content\/uploads\/2025\/01\/cropped-Cafe-Chocolate-150x150.png"},{"@type":"BreadcrumbList","@id":"https:\/\/cafechocolate.de\/tisch-10\/#breadcrumb","itemListElement":[{"@type":"ListItem","position":1,"name":"Startseite","item":"https:\/\/cafechocolate.de\/"},{"@type":"ListItem","position":2,"name":"Tisch 10"}]},{"@type":"WebSite","@id":"https:\/\/cafechocolate.de\/#website","url":"https:\/\/cafechocolate.de\/","name":"Caf\u00e9 Chocolate - Brunch-Hotspot in der K\u00f6lner Innenstadt","description":"Das Cafe in der K\u00f6lner Innenstadt","publisher":{"@id":"https:\/\/cafechocolate.de\/#organization"},"potentialAction":[{"@type":"SearchAction","target":{"@type":"EntryPoint","urlTemplate":"https:\/\/cafechocolate.de\/?s={search_term_string}"},"query-input":{"@type":"PropertyValueSpecification","valueRequired":true,"valueName":"search_term_string"}}],"inLanguage":"en-GB"},{"@type":"Organization","@id":"https:\/\/cafechocolate.de\/#organization","name":"Caf\u00e9 Chocolate","url":"https:\/\/cafechocolate.de\/","logo":{"@type":"ImageObject","inLanguage":"en-GB","@id":"https:\/\/cafechocolate.de\/#\/schema\/logo\/image\/","url":"https:\/\/cafechocolate.de\/wp-content\/uploads\/2025\/01\/Cafe-Chocolate.png","contentUrl":"https:\/\/cafechocolate.de\/wp-content\/uploads\/2025\/01\/Cafe-Chocolate.png","width":945,"height":945,"caption":"Caf\u00e9 Chocolate"},"image":{"@id":"https:\/\/cafechocolate.de\/#\/schema\/logo\/image\/"},"sameAs":["https:\/\/instagram.com\/cafechocolatede"]}]}},"_links":{"self":[{"href":"https:\/\/cafechocolate.de\/en\/wp-json\/wp\/v2\/pages\/933","targetHints":{"allow":["GET"]}}],"collection":[{"href":"https:\/\/cafechocolate.de\/en\/wp-json\/wp\/v2\/pages"}],"about":[{"href":"https:\/\/cafechocolate.de\/en\/wp-json\/wp\/v2\/types\/page"}],"author":[{"embeddable":true,"href":"https:\/\/cafechocolate.de\/en\/wp-json\/wp\/v2\/users\/1"}],"replies":[{"embeddable":true,"href":"https:\/\/cafechocolate.de\/en\/wp-json\/wp\/v2\/comments?post=933"}],"version-history":[{"count":13,"href":"https:\/\/cafechocolate.de\/en\/wp-json\/wp\/v2\/pages\/933\/revisions"}],"predecessor-version":[{"id":13129,"href":"https:\/\/cafechocolate.de\/en\/wp-json\/wp\/v2\/pages\/933\/revisions\/13129"}],"wp:attachment":[{"href":"https:\/\/cafechocolate.de\/en\/wp-json\/wp\/v2\/media?parent=933"}],"curies":[{"name":"wp","href":"https:\/\/api.w.org\/{rel}","templated":true}]}}