{"id":948,"date":"2025-02-27T12:26:44","date_gmt":"2025-02-27T12:26:44","guid":{"rendered":"https:\/\/cafechocolate.de\/?page_id=948"},"modified":"2025-02-27T12:26:59","modified_gmt":"2025-02-27T12:26:59","slug":"tisch-13","status":"publish","type":"page","link":"https:\/\/cafechocolate.de\/en\/tisch-13\/","title":{"rendered":"Tisch 13"},"content":{"rendered":"","protected":false},"excerpt":{"rendered":"","protected":false},"author":1,"featured_media":0,"parent":0,"menu_order":0,"comment_status":"closed","ping_status":"closed","template":"","meta":{"footnotes":""},"class_list":["post-948","page","type-page","status-publish","hentry"],"yoast_head":"<!-- This site is optimized with the Yoast SEO plugin v26.8 - https:\/\/yoast.com\/product\/yoast-seo-wordpress\/ -->\n<title>Tisch 13 - Cafe Chocolate<\/title>\n<meta name=\"robots\" content=\"index, follow, max-snippet:-1, max-image-preview:large, max-video-preview:-1\" \/>\n<link rel=\"canonical\" href=\"https:\/\/cafechocolate.de\/en\/tisch-13\/\" \/>\n<meta property=\"og:locale\" content=\"en_GB\" \/>\n<meta property=\"og:type\" content=\"article\" \/>\n<meta property=\"og:title\" content=\"Tisch 13 - Cafe Chocolate\" \/>\n<meta property=\"og:url\" content=\"https:\/\/cafechocolate.de\/en\/tisch-13\/\" \/>\n<meta property=\"og:site_name\" content=\"Cafe Chocolate\" \/>\n<meta property=\"article:modified_time\" content=\"2025-02-27T12:26:59+00:00\" \/>\n<meta name=\"twitter:card\" content=\"summary_large_image\" \/>\n<script type=\"application\/ld+json\" class=\"yoast-schema-graph\">{\"@context\":\"https:\/\/schema.org\",\"@graph\":[{\"@type\":\"WebPage\",\"@id\":\"https:\/\/cafechocolate.de\/tisch-13\/\",\"url\":\"https:\/\/cafechocolate.de\/tisch-13\/\",\"name\":\"Tisch 13 - Cafe Chocolate\",\"isPartOf\":{\"@id\":\"https:\/\/cafechocolate.de\/#website\"},\"datePublished\":\"2025-02-27T12:26:44+00:00\",\"dateModified\":\"2025-02-27T12:26:59+00:00\",\"breadcrumb\":{\"@id\":\"https:\/\/cafechocolate.de\/tisch-13\/#breadcrumb\"},\"inLanguage\":\"en-GB\",\"potentialAction\":[{\"@type\":\"ReadAction\",\"target\":[\"https:\/\/cafechocolate.de\/tisch-13\/\"]}]},{\"@type\":\"BreadcrumbList\",\"@id\":\"https:\/\/cafechocolate.de\/tisch-13\/#breadcrumb\",\"itemListElement\":[{\"@type\":\"ListItem\",\"position\":1,\"name\":\"Startseite\",\"item\":\"https:\/\/cafechocolate.de\/\"},{\"@type\":\"ListItem\",\"position\":2,\"name\":\"Tisch 13\"}]},{\"@type\":\"WebSite\",\"@id\":\"https:\/\/cafechocolate.de\/#website\",\"url\":\"https:\/\/cafechocolate.de\/\",\"name\":\"Caf\u00e9 Chocolate - Brunch-Hotspot in der K\u00f6lner Innenstadt\",\"description\":\"Das Cafe in der K\u00f6lner Innenstadt\",\"publisher\":{\"@id\":\"https:\/\/cafechocolate.de\/#organization\"},\"potentialAction\":[{\"@type\":\"SearchAction\",\"target\":{\"@type\":\"EntryPoint\",\"urlTemplate\":\"https:\/\/cafechocolate.de\/?s={search_term_string}\"},\"query-input\":{\"@type\":\"PropertyValueSpecification\",\"valueRequired\":true,\"valueName\":\"search_term_string\"}}],\"inLanguage\":\"en-GB\"},{\"@type\":\"Organization\",\"@id\":\"https:\/\/cafechocolate.de\/#organization\",\"name\":\"Caf\u00e9 Chocolate\",\"url\":\"https:\/\/cafechocolate.de\/\",\"logo\":{\"@type\":\"ImageObject\",\"inLanguage\":\"en-GB\",\"@id\":\"https:\/\/cafechocolate.de\/#\/schema\/logo\/image\/\",\"url\":\"https:\/\/cafechocolate.de\/wp-content\/uploads\/2025\/01\/Cafe-Chocolate.png\",\"contentUrl\":\"https:\/\/cafechocolate.de\/wp-content\/uploads\/2025\/01\/Cafe-Chocolate.png\",\"width\":945,\"height\":945,\"caption\":\"Caf\u00e9 Chocolate\"},\"image\":{\"@id\":\"https:\/\/cafechocolate.de\/#\/schema\/logo\/image\/\"},\"sameAs\":[\"https:\/\/instagram.com\/cafechocolatede\"]}]}<\/script>\n<!-- \/ Yoast SEO plugin. -->","yoast_head_json":{"title":"Tisch 13 - Cafe Chocolate","robots":{"index":"index","follow":"follow","max-snippet":"max-snippet:-1","max-image-preview":"max-image-preview:large","max-video-preview":"max-video-preview:-1"},"canonical":"https:\/\/cafechocolate.de\/en\/tisch-13\/","og_locale":"en_GB","og_type":"article","og_title":"Tisch 13 - Cafe Chocolate","og_url":"https:\/\/cafechocolate.de\/en\/tisch-13\/","og_site_name":"Cafe Chocolate","article_modified_time":"2025-02-27T12:26:59+00:00","twitter_card":"summary_large_image","schema":{"@context":"https:\/\/schema.org","@graph":[{"@type":"WebPage","@id":"https:\/\/cafechocolate.de\/tisch-13\/","url":"https:\/\/cafechocolate.de\/tisch-13\/","name":"Tisch 13 - Cafe Chocolate","isPartOf":{"@id":"https:\/\/cafechocolate.de\/#website"},"datePublished":"2025-02-27T12:26:44+00:00","dateModified":"2025-02-27T12:26:59+00:00","breadcrumb":{"@id":"https:\/\/cafechocolate.de\/tisch-13\/#breadcrumb"},"inLanguage":"en-GB","potentialAction":[{"@type":"ReadAction","target":["https:\/\/cafechocolate.de\/tisch-13\/"]}]},{"@type":"BreadcrumbList","@id":"https:\/\/cafechocolate.de\/tisch-13\/#breadcrumb","itemListElement":[{"@type":"ListItem","position":1,"name":"Startseite","item":"https:\/\/cafechocolate.de\/"},{"@type":"ListItem","position":2,"name":"Tisch 13"}]},{"@type":"WebSite","@id":"https:\/\/cafechocolate.de\/#website","url":"https:\/\/cafechocolate.de\/","name":"Caf\u00e9 Chocolate - Brunch-Hotspot in der K\u00f6lner Innenstadt","description":"Das Cafe in der K\u00f6lner Innenstadt","publisher":{"@id":"https:\/\/cafechocolate.de\/#organization"},"potentialAction":[{"@type":"SearchAction","target":{"@type":"EntryPoint","urlTemplate":"https:\/\/cafechocolate.de\/?s={search_term_string}"},"query-input":{"@type":"PropertyValueSpecification","valueRequired":true,"valueName":"search_term_string"}}],"inLanguage":"en-GB"},{"@type":"Organization","@id":"https:\/\/cafechocolate.de\/#organization","name":"Caf\u00e9 Chocolate","url":"https:\/\/cafechocolate.de\/","logo":{"@type":"ImageObject","inLanguage":"en-GB","@id":"https:\/\/cafechocolate.de\/#\/schema\/logo\/image\/","url":"https:\/\/cafechocolate.de\/wp-content\/uploads\/2025\/01\/Cafe-Chocolate.png","contentUrl":"https:\/\/cafechocolate.de\/wp-content\/uploads\/2025\/01\/Cafe-Chocolate.png","width":945,"height":945,"caption":"Caf\u00e9 Chocolate"},"image":{"@id":"https:\/\/cafechocolate.de\/#\/schema\/logo\/image\/"},"sameAs":["https:\/\/instagram.com\/cafechocolatede"]}]}},"_links":{"self":[{"href":"https:\/\/cafechocolate.de\/en\/wp-json\/wp\/v2\/pages\/948","targetHints":{"allow":["GET"]}}],"collection":[{"href":"https:\/\/cafechocolate.de\/en\/wp-json\/wp\/v2\/pages"}],"about":[{"href":"https:\/\/cafechocolate.de\/en\/wp-json\/wp\/v2\/types\/page"}],"author":[{"embeddable":true,"href":"https:\/\/cafechocolate.de\/en\/wp-json\/wp\/v2\/users\/1"}],"replies":[{"embeddable":true,"href":"https:\/\/cafechocolate.de\/en\/wp-json\/wp\/v2\/comments?post=948"}],"version-history":[{"count":4,"href":"https:\/\/cafechocolate.de\/en\/wp-json\/wp\/v2\/pages\/948\/revisions"}],"predecessor-version":[{"id":952,"href":"https:\/\/cafechocolate.de\/en\/wp-json\/wp\/v2\/pages\/948\/revisions\/952"}],"wp:attachment":[{"href":"https:\/\/cafechocolate.de\/en\/wp-json\/wp\/v2\/media?parent=948"}],"curies":[{"name":"wp","href":"https:\/\/api.w.org\/{rel}","templated":true}]}}