{"id":12930,"date":"2025-04-14T22:19:29","date_gmt":"2025-04-14T22:19:29","guid":{"rendered":"https:\/\/cafechocolate.de\/produkt\/cappuccino-03\/"},"modified":"2025-04-24T23:00:13","modified_gmt":"2025-04-24T23:00:13","slug":"cappuccino-03","status":"publish","type":"product","link":"https:\/\/cafechocolate.de\/en\/product\/cappuccino-03\/","title":{"rendered":"Cappuccino 0,3"},"content":{"rendered":"<p>Doppelter Espresso mit cremigem Milchschaum<\/p>","protected":false},"excerpt":{"rendered":"<p>Doppelter Espresso mit cremigem Milchschaum<\/p>","protected":false},"featured_media":0,"template":"","meta":[],"product_brand":[],"product_cat":[113],"product_tag":[],"class_list":{"0":"post-12930","1":"product","2":"type-product","3":"status-publish","5":"product_cat-heisse-getraenke","7":"first","8":"instock","9":"taxable","10":"shipping-taxable","11":"purchasable","12":"product-type-simple"},"yoast_head":"<!-- This site is optimized with the Yoast SEO plugin v26.8 - https:\/\/yoast.com\/product\/yoast-seo-wordpress\/ -->\n<title>Cappuccino 0,3 - Cafe Chocolate<\/title>\n<meta name=\"robots\" content=\"index, follow, max-snippet:-1, max-image-preview:large, max-video-preview:-1\" \/>\n<link rel=\"canonical\" href=\"https:\/\/cafechocolate.de\/en\/product\/cappuccino-03\/\" \/>\n<meta property=\"og:locale\" content=\"en_GB\" \/>\n<meta property=\"og:type\" content=\"article\" \/>\n<meta property=\"og:title\" content=\"Cappuccino 0,3 - Cafe Chocolate\" \/>\n<meta property=\"og:description\" content=\"Doppelter Espresso mit cremigem Milchschaum\" \/>\n<meta property=\"og:url\" content=\"https:\/\/cafechocolate.de\/en\/product\/cappuccino-03\/\" \/>\n<meta property=\"og:site_name\" content=\"Cafe Chocolate\" \/>\n<meta property=\"article:modified_time\" content=\"2025-04-24T23:00:13+00:00\" \/>\n<meta name=\"twitter:card\" content=\"summary_large_image\" \/>\n<script type=\"application\/ld+json\" class=\"yoast-schema-graph\">{\"@context\":\"https:\/\/schema.org\",\"@graph\":[{\"@type\":\"WebPage\",\"@id\":\"https:\/\/cafechocolate.de\/produkt\/cappuccino-03\/\",\"url\":\"https:\/\/cafechocolate.de\/produkt\/cappuccino-03\/\",\"name\":\"Cappuccino 0,3 - Cafe Chocolate\",\"isPartOf\":{\"@id\":\"https:\/\/cafechocolate.de\/#website\"},\"datePublished\":\"2025-04-14T22:19:29+00:00\",\"dateModified\":\"2025-04-24T23:00:13+00:00\",\"breadcrumb\":{\"@id\":\"https:\/\/cafechocolate.de\/produkt\/cappuccino-03\/#breadcrumb\"},\"inLanguage\":\"en-GB\",\"potentialAction\":[{\"@type\":\"ReadAction\",\"target\":[\"https:\/\/cafechocolate.de\/produkt\/cappuccino-03\/\"]}]},{\"@type\":\"BreadcrumbList\",\"@id\":\"https:\/\/cafechocolate.de\/produkt\/cappuccino-03\/#breadcrumb\",\"itemListElement\":[{\"@type\":\"ListItem\",\"position\":1,\"name\":\"Startseite\",\"item\":\"https:\/\/cafechocolate.de\/\"},{\"@type\":\"ListItem\",\"position\":2,\"name\":\"Produkte\",\"item\":\"https:\/\/cafechocolate.de\/shop\/\"},{\"@type\":\"ListItem\",\"position\":3,\"name\":\"Cappuccino 0,3\"}]},{\"@type\":\"WebSite\",\"@id\":\"https:\/\/cafechocolate.de\/#website\",\"url\":\"https:\/\/cafechocolate.de\/\",\"name\":\"Caf\u00e9 Chocolate - Brunch-Hotspot in der K\u00f6lner Innenstadt\",\"description\":\"Das Cafe in der K\u00f6lner Innenstadt\",\"publisher\":{\"@id\":\"https:\/\/cafechocolate.de\/#organization\"},\"potentialAction\":[{\"@type\":\"SearchAction\",\"target\":{\"@type\":\"EntryPoint\",\"urlTemplate\":\"https:\/\/cafechocolate.de\/?s={search_term_string}\"},\"query-input\":{\"@type\":\"PropertyValueSpecification\",\"valueRequired\":true,\"valueName\":\"search_term_string\"}}],\"inLanguage\":\"en-GB\"},{\"@type\":\"Organization\",\"@id\":\"https:\/\/cafechocolate.de\/#organization\",\"name\":\"Caf\u00e9 Chocolate\",\"url\":\"https:\/\/cafechocolate.de\/\",\"logo\":{\"@type\":\"ImageObject\",\"inLanguage\":\"en-GB\",\"@id\":\"https:\/\/cafechocolate.de\/#\/schema\/logo\/image\/\",\"url\":\"https:\/\/cafechocolate.de\/wp-content\/uploads\/2025\/01\/Cafe-Chocolate.png\",\"contentUrl\":\"https:\/\/cafechocolate.de\/wp-content\/uploads\/2025\/01\/Cafe-Chocolate.png\",\"width\":945,\"height\":945,\"caption\":\"Caf\u00e9 Chocolate\"},\"image\":{\"@id\":\"https:\/\/cafechocolate.de\/#\/schema\/logo\/image\/\"},\"sameAs\":[\"https:\/\/instagram.com\/cafechocolatede\"]}]}<\/script>\n<!-- \/ Yoast SEO plugin. -->","yoast_head_json":{"title":"Cappuccino 0,3 - Cafe Chocolate","robots":{"index":"index","follow":"follow","max-snippet":"max-snippet:-1","max-image-preview":"max-image-preview:large","max-video-preview":"max-video-preview:-1"},"canonical":"https:\/\/cafechocolate.de\/en\/product\/cappuccino-03\/","og_locale":"en_GB","og_type":"article","og_title":"Cappuccino 0,3 - Cafe Chocolate","og_description":"Doppelter Espresso mit cremigem Milchschaum","og_url":"https:\/\/cafechocolate.de\/en\/product\/cappuccino-03\/","og_site_name":"Cafe Chocolate","article_modified_time":"2025-04-24T23:00:13+00:00","twitter_card":"summary_large_image","schema":{"@context":"https:\/\/schema.org","@graph":[{"@type":"WebPage","@id":"https:\/\/cafechocolate.de\/produkt\/cappuccino-03\/","url":"https:\/\/cafechocolate.de\/produkt\/cappuccino-03\/","name":"Cappuccino 0,3 - Cafe Chocolate","isPartOf":{"@id":"https:\/\/cafechocolate.de\/#website"},"datePublished":"2025-04-14T22:19:29+00:00","dateModified":"2025-04-24T23:00:13+00:00","breadcrumb":{"@id":"https:\/\/cafechocolate.de\/produkt\/cappuccino-03\/#breadcrumb"},"inLanguage":"en-GB","potentialAction":[{"@type":"ReadAction","target":["https:\/\/cafechocolate.de\/produkt\/cappuccino-03\/"]}]},{"@type":"BreadcrumbList","@id":"https:\/\/cafechocolate.de\/produkt\/cappuccino-03\/#breadcrumb","itemListElement":[{"@type":"ListItem","position":1,"name":"Startseite","item":"https:\/\/cafechocolate.de\/"},{"@type":"ListItem","position":2,"name":"Produkte","item":"https:\/\/cafechocolate.de\/shop\/"},{"@type":"ListItem","position":3,"name":"Cappuccino 0,3"}]},{"@type":"WebSite","@id":"https:\/\/cafechocolate.de\/#website","url":"https:\/\/cafechocolate.de\/","name":"Caf\u00e9 Chocolate - Brunch-Hotspot in der K\u00f6lner Innenstadt","description":"Das Cafe in der K\u00f6lner Innenstadt","publisher":{"@id":"https:\/\/cafechocolate.de\/#organization"},"potentialAction":[{"@type":"SearchAction","target":{"@type":"EntryPoint","urlTemplate":"https:\/\/cafechocolate.de\/?s={search_term_string}"},"query-input":{"@type":"PropertyValueSpecification","valueRequired":true,"valueName":"search_term_string"}}],"inLanguage":"en-GB"},{"@type":"Organization","@id":"https:\/\/cafechocolate.de\/#organization","name":"Caf\u00e9 Chocolate","url":"https:\/\/cafechocolate.de\/","logo":{"@type":"ImageObject","inLanguage":"en-GB","@id":"https:\/\/cafechocolate.de\/#\/schema\/logo\/image\/","url":"https:\/\/cafechocolate.de\/wp-content\/uploads\/2025\/01\/Cafe-Chocolate.png","contentUrl":"https:\/\/cafechocolate.de\/wp-content\/uploads\/2025\/01\/Cafe-Chocolate.png","width":945,"height":945,"caption":"Caf\u00e9 Chocolate"},"image":{"@id":"https:\/\/cafechocolate.de\/#\/schema\/logo\/image\/"},"sameAs":["https:\/\/instagram.com\/cafechocolatede"]}]}},"_links":{"self":[{"href":"https:\/\/cafechocolate.de\/en\/wp-json\/wp\/v2\/product\/12930","targetHints":{"allow":["GET"]}}],"collection":[{"href":"https:\/\/cafechocolate.de\/en\/wp-json\/wp\/v2\/product"}],"about":[{"href":"https:\/\/cafechocolate.de\/en\/wp-json\/wp\/v2\/types\/product"}],"version-history":[{"count":1,"href":"https:\/\/cafechocolate.de\/en\/wp-json\/wp\/v2\/product\/12930\/revisions"}],"predecessor-version":[{"id":12931,"href":"https:\/\/cafechocolate.de\/en\/wp-json\/wp\/v2\/product\/12930\/revisions\/12931"}],"wp:attachment":[{"href":"https:\/\/cafechocolate.de\/en\/wp-json\/wp\/v2\/media?parent=12930"}],"wp:term":[{"taxonomy":"product_brand","embeddable":true,"href":"https:\/\/cafechocolate.de\/en\/wp-json\/wp\/v2\/product_brand?post=12930"},{"taxonomy":"product_cat","embeddable":true,"href":"https:\/\/cafechocolate.de\/en\/wp-json\/wp\/v2\/product_cat?post=12930"},{"taxonomy":"product_tag","embeddable":true,"href":"https:\/\/cafechocolate.de\/en\/wp-json\/wp\/v2\/product_tag?post=12930"}],"curies":[{"name":"wp","href":"https:\/\/api.w.org\/{rel}","templated":true}]}}